{"id":437,"date":"2021-05-10T09:26:55","date_gmt":"2021-05-10T14:26:55","guid":{"rendered":"https:\/\/msio2.com\/ai\/?page_id=437"},"modified":"2021-05-10T14:03:14","modified_gmt":"2021-05-10T19:03:14","slug":"transforma","status":"publish","type":"page","link":"https:\/\/msio2.com\/ai\/transforma\/","title":{"rendered":"Transforma"},"content":{"rendered":"\t\t<div data-elementor-type=\"wp-page\" data-elementor-id=\"437\" class=\"elementor elementor-437\">\n\t\t\t\t\t\t<section class=\"elementor-section elementor-top-section elementor-element elementor-element-3b17734 elementor-section-boxed elementor-section-height-default elementor-section-height-default\" data-id=\"3b17734\" data-element_type=\"section\" data-e-type=\"section\">\n\t\t\t\t\t\t<div class=\"elementor-container elementor-column-gap-default\">\n\t\t\t\t\t<div class=\"elementor-column elementor-col-100 elementor-top-column elementor-element elementor-element-97890cd\" data-id=\"97890cd\" data-element_type=\"column\" data-e-type=\"column\" data-settings=\"{&quot;background_background&quot;:&quot;slideshow&quot;,&quot;background_slideshow_gallery&quot;:[{&quot;id&quot;:443,&quot;url&quot;:&quot;https:\\\/\\\/msio2.com\\\/ai\\\/wp-content\\\/uploads\\\/2021\\\/05\\\/158826.jpg&quot;},{&quot;id&quot;:444,&quot;url&quot;:&quot;https:\\\/\\\/msio2.com\\\/ai\\\/wp-content\\\/uploads\\\/2021\\\/05\\\/1089438.jpg&quot;},{&quot;id&quot;:445,&quot;url&quot;:&quot;https:\\\/\\\/msio2.com\\\/ai\\\/wp-content\\\/uploads\\\/2021\\\/05\\\/35550.jpg&quot;},{&quot;id&quot;:446,&quot;url&quot;:&quot;https:\\\/\\\/msio2.com\\\/ai\\\/wp-content\\\/uploads\\\/2021\\\/05\\\/257904.jpg&quot;},{&quot;id&quot;:447,&quot;url&quot;:&quot;https:\\\/\\\/msio2.com\\\/ai\\\/wp-content\\\/uploads\\\/2021\\\/05\\\/267350.jpg&quot;}],&quot;background_slideshow_transition_duration&quot;:900,&quot;background_slideshow_loop&quot;:&quot;yes&quot;,&quot;background_slideshow_slide_duration&quot;:5000,&quot;background_slideshow_slide_transition&quot;:&quot;fade&quot;}\">\n\t\t\t<div class=\"elementor-widget-wrap elementor-element-populated\">\n\t\t\t\t\t\t<div class=\"elementor-element elementor-element-fefbdd5 elementor-widget elementor-widget-heading\" data-id=\"fefbdd5\" data-element_type=\"widget\" data-e-type=\"widget\" data-widget_type=\"heading.default\">\n\t\t\t\t<div class=\"elementor-widget-container\">\n\t\t\t\t\t<h1 class=\"elementor-heading-title elementor-size-default\">Transforma Digitalmente tu Empresa<\/h1>\t\t\t\t<\/div>\n\t\t\t\t<\/div>\n\t\t\t\t\t<\/div>\n\t\t<\/div>\n\t\t\t\t\t<\/div>\n\t\t<\/section>\n\t\t\t\t<section class=\"elementor-section elementor-top-section elementor-element elementor-element-a9c4640 elementor-section-boxed elementor-section-height-default elementor-section-height-default\" data-id=\"a9c4640\" data-element_type=\"section\" data-e-type=\"section\">\n\t\t\t\t\t\t<div class=\"elementor-container elementor-column-gap-default\">\n\t\t\t\t\t<div class=\"elementor-column elementor-col-50 elementor-top-column elementor-element elementor-element-5cb2dac\" data-id=\"5cb2dac\" data-element_type=\"column\" data-e-type=\"column\">\n\t\t\t<div class=\"elementor-widget-wrap elementor-element-populated\">\n\t\t\t\t\t\t<div class=\"elementor-element elementor-element-4acd904 elementor-widget elementor-widget-heading\" data-id=\"4acd904\" data-element_type=\"widget\" data-e-type=\"widget\" data-widget_type=\"heading.default\">\n\t\t\t\t<div class=\"elementor-widget-container\">\n\t\t\t\t\t<h2 class=\"elementor-heading-title elementor-size-default\">\u00bfQu\u00e9 es la Transformaci\u00f3n digital?<\/h2>\t\t\t\t<\/div>\n\t\t\t\t<\/div>\n\t\t\t\t<div class=\"elementor-element elementor-element-02a94da elementor-widget elementor-widget-text-editor\" data-id=\"02a94da\" data-element_type=\"widget\" data-e-type=\"widget\" data-widget_type=\"text-editor.default\">\n\t\t\t\t<div class=\"elementor-widget-container\">\n\t\t\t\t\t\t\t\t\t<p>La transformaci\u00f3n digital es la integraci\u00f3n de tecnolog\u00eda digital en todas las \u00e1reas de una empresa, cambiando fundamentalmente la forma en que opera y brinda valor a sus clientes. Tambi\u00e9n supone un cambio cultural que requiere que las organizaciones desaf\u00eden constantemente el status-quo, experimenten y se sientan c\u00f3modas con el fracaso.<\/p><p>La transformaci\u00f3n digital puede implicar la reelaboraci\u00f3n de los productos, procesos y estrategias dentro de la organizaci\u00f3n mediante el aprovechamiento de la tecnolog\u00eda digital.<\/p><p><span style=\"font-size: 16px;\">Como tal, la transformaci\u00f3n digital requiere un examen y reinvenci\u00f3n de la mayor\u00eda, si no de todas las \u00e1reas dentro de una organizaci\u00f3n, de su cadena de suministro y flujo de trabajo, las habilidades de sus empleados as\u00ed como procesos de discusi\u00f3n a nivel de junta directiva, interacciones con clientes y su valor para las partes interesadas.<\/span><\/p>\t\t\t\t\t\t\t\t<\/div>\n\t\t\t\t<\/div>\n\t\t\t\t<div class=\"elementor-element elementor-element-a7b0cc7 elementor-widget elementor-widget-image\" data-id=\"a7b0cc7\" data-element_type=\"widget\" data-e-type=\"widget\" data-widget_type=\"image.default\">\n\t\t\t\t<div class=\"elementor-widget-container\">\n\t\t\t\t\t\t\t\t\t\t\t\t\t\t\t<img fetchpriority=\"high\" decoding=\"async\" width=\"1024\" height=\"682\" src=\"https:\/\/msio2.com\/ai\/wp-content\/uploads\/2021\/05\/3771110-1024x682.jpg\" class=\"attachment-large size-large wp-image-472\" alt=\"\" srcset=\"https:\/\/msio2.com\/ai\/wp-content\/uploads\/2021\/05\/3771110-1024x682.jpg 1024w, https:\/\/msio2.com\/ai\/wp-content\/uploads\/2021\/05\/3771110-300x200.jpg 300w, https:\/\/msio2.com\/ai\/wp-content\/uploads\/2021\/05\/3771110-768x512.jpg 768w, https:\/\/msio2.com\/ai\/wp-content\/uploads\/2021\/05\/3771110.jpg 1280w\" sizes=\"(max-width: 1024px) 100vw, 1024px\" \/>\t\t\t\t\t\t\t\t\t\t\t\t\t\t\t<\/div>\n\t\t\t\t<\/div>\n\t\t\t\t\t<\/div>\n\t\t<\/div>\n\t\t\t\t<div class=\"elementor-column elementor-col-50 elementor-top-column elementor-element elementor-element-7d19e71\" data-id=\"7d19e71\" data-element_type=\"column\" data-e-type=\"column\">\n\t\t\t<div class=\"elementor-widget-wrap elementor-element-populated\">\n\t\t\t\t\t\t<div class=\"elementor-element elementor-element-05c7e80 elementor-widget elementor-widget-text-editor\" data-id=\"05c7e80\" data-element_type=\"widget\" data-e-type=\"widget\" data-widget_type=\"text-editor.default\">\n\t\t\t\t<div class=\"elementor-widget-container\">\n\t\t\t\t\t\t\t\t\t<p><span style=\"font-size: 16px;\">La transformaci\u00f3n digital ayuda a una organizaci\u00f3n a seguir el ritmo a las demandas emergentes de los clientes, manteniendo las en el futuro. La transformaci\u00f3n digital permite que las organizaciones compitan mejor en un entorno econ\u00f3mico que cambia constantemente a medida que la tecnolog\u00eda evoluciona. Con ese fin, la transformaci\u00f3n digital es necesaria para cualquier empresa, organizaci\u00f3n sin fines de lucro o instituci\u00f3n que busque sobrevivir en el futuro.<\/span><\/p>\t\t\t\t\t\t\t\t<\/div>\n\t\t\t\t<\/div>\n\t\t\t\t<div class=\"elementor-element elementor-element-74d3f68 elementor-widget elementor-widget-heading\" data-id=\"74d3f68\" data-element_type=\"widget\" data-e-type=\"widget\" data-widget_type=\"heading.default\">\n\t\t\t\t<div class=\"elementor-widget-container\">\n\t\t\t\t\t<h2 class=\"elementor-heading-title elementor-size-default\">Tecnolog\u00edas clave<\/h2>\t\t\t\t<\/div>\n\t\t\t\t<\/div>\n\t\t\t\t<div class=\"elementor-element elementor-element-ece5653 elementor-widget elementor-widget-text-editor\" data-id=\"ece5653\" data-element_type=\"widget\" data-e-type=\"widget\" data-widget_type=\"text-editor.default\">\n\t\t\t\t<div class=\"elementor-widget-container\">\n\t\t\t\t\t\t\t\t\t<p>Msio2 a trav\u00e9s de nuestro producto Service Desk\u00a9 (SaaS), lleva a las empresas a transformarse digitalmente sin irrumpir en los procesos que ya domina su personal.\u00a0 Esto hace que la curva de aprendizaje sea menor y el \u00e9xito de su implementaci\u00f3n sea siempre del 100%.<\/p><p>Nuestra soluci\u00f3n se encuentra en la nube y se puede acceder el 99.99% del tiempo desde cualquier dispositivo.<\/p>\t\t\t\t\t\t\t\t<\/div>\n\t\t\t\t<\/div>\n\t\t\t\t<div class=\"elementor-element elementor-element-38ead88 elementor-widget elementor-widget-heading\" data-id=\"38ead88\" data-element_type=\"widget\" data-e-type=\"widget\" data-widget_type=\"heading.default\">\n\t\t\t\t<div class=\"elementor-widget-container\">\n\t\t\t\t\t<h2 class=\"elementor-heading-title elementor-size-default\">Nuestro service desk\u00a9<\/h2>\t\t\t\t<\/div>\n\t\t\t\t<\/div>\n\t\t\t\t<div class=\"elementor-element elementor-element-c6d0f55 elementor-widget elementor-widget-text-editor\" data-id=\"c6d0f55\" data-element_type=\"widget\" data-e-type=\"widget\" data-widget_type=\"text-editor.default\">\n\t\t\t\t<div class=\"elementor-widget-container\">\n\t\t\t\t\t\t\t\t\t<p>Nuestro Service Desk cuenta con los siguientes aspectos claves para su organizaci\u00f3n:<\/p><ul><li>Catalogo de servicios o productos<\/li><li>Directorio de Clientes<\/li><li>Recepci\u00f3n digital de facturas de proveedores<\/li><li>\u00a0Formularios para la gesti\u00f3n de la recepci\u00f3n de la empresa(llamadas, visitas, tomas de temperatura, etc.)<\/li><li>Cobranza por deposito bancario, paypal o tarjeta de cr\u00e9dito<\/li><li>Cobranza automatizada de igualas Quincenales, mensuales o anuales.<\/li><li>Repositorio de documentos &#8211; Proveedores &#8211; Clientes<\/li><li>Toma de pedidos internos entre departamentos para obtener KPI&#8217;s de cargas de trabajo por \u00e1rea.<\/li><li>Gesti\u00f3n del personal(RH- hasta 2,000 empleados)<span style=\"color: #ff0000;\">*<\/span><\/li><li>Encuestas<span style=\"color: #ff0000;\">*<\/span><\/li><li>Help Desk<span style=\"color: #ff0000;\">*<\/span><\/li><li>Telefon\u00eda IP segura<span style=\"color: #ff0000;\">*<\/span><\/li><li>CRM<span style=\"color: #ff0000;\">*<\/span><\/li><\/ul><div>Nuestro Service Desk es 100% en la nube y disponible en cualquiera de sus dispositivos (Computadora, tableta, smartphone)<\/div><div><span style=\"color: #000000;\">*Productos<\/span> con cargos adicionales al paquete b\u00e1sico<\/div>\t\t\t\t\t\t\t\t<\/div>\n\t\t\t\t<\/div>\n\t\t\t\t\t<\/div>\n\t\t<\/div>\n\t\t\t\t\t<\/div>\n\t\t<\/section>\n\t\t\t\t<section class=\"elementor-section elementor-top-section elementor-element elementor-element-f4a6b94 elementor-section-boxed elementor-section-height-default elementor-section-height-default\" data-id=\"f4a6b94\" data-element_type=\"section\" data-e-type=\"section\">\n\t\t\t\t\t\t<div class=\"elementor-container elementor-column-gap-default\">\n\t\t\t\t\t<div class=\"elementor-column elementor-col-100 elementor-top-column elementor-element elementor-element-9ea3591\" data-id=\"9ea3591\" data-element_type=\"column\" data-e-type=\"column\">\n\t\t\t<div class=\"elementor-widget-wrap elementor-element-populated\">\n\t\t\t\t\t\t<div class=\"elementor-element elementor-element-efdefb1 elementor-widget elementor-widget-heading\" data-id=\"efdefb1\" data-element_type=\"widget\" data-e-type=\"widget\" data-widget_type=\"heading.default\">\n\t\t\t\t<div class=\"elementor-widget-container\">\n\t\t\t\t\t<h2 class=\"elementor-heading-title elementor-size-default\">Cotiza ahora nuestra Soluci\u00f3n Service Desk<\/h2>\t\t\t\t<\/div>\n\t\t\t\t<\/div>\n\t\t\t\t<section class=\"elementor-section elementor-inner-section elementor-element elementor-element-702630a elementor-section-boxed elementor-section-height-default elementor-section-height-default\" data-id=\"702630a\" data-element_type=\"section\" data-e-type=\"section\">\n\t\t\t\t\t\t<div class=\"elementor-container elementor-column-gap-default\">\n\t\t\t\t\t<div class=\"elementor-column elementor-col-50 elementor-inner-column elementor-element elementor-element-4b0ade4\" data-id=\"4b0ade4\" data-element_type=\"column\" data-e-type=\"column\">\n\t\t\t<div class=\"elementor-widget-wrap elementor-element-populated\">\n\t\t\t\t\t\t<div class=\"elementor-element elementor-element-4d38187 elementor-widget elementor-widget-shortcode\" data-id=\"4d38187\" data-element_type=\"widget\" data-e-type=\"widget\" data-widget_type=\"shortcode.default\">\n\t\t\t\t<div class=\"elementor-widget-container\">\n\t\t\t\t\t\t\t<div class=\"elementor-shortcode\">\n<div class=\"wpcf7 no-js\" id=\"wpcf7-f476-o1\" lang=\"en\" dir=\"ltr\" data-wpcf7-id=\"476\">\n<div class=\"screen-reader-response\"><p role=\"status\" aria-live=\"polite\" aria-atomic=\"true\"><\/p> <ul><\/ul><\/div>\n<form action=\"\/ai\/wp-json\/wp\/v2\/pages\/437#wpcf7-f476-o1\" method=\"post\" class=\"wpcf7-form init\" aria-label=\"Contact form\" novalidate=\"novalidate\" data-status=\"init\">\n<fieldset class=\"hidden-fields-container\"><input type=\"hidden\" name=\"_wpcf7\" value=\"476\" \/><input type=\"hidden\" name=\"_wpcf7_version\" value=\"6.1.5\" \/><input type=\"hidden\" name=\"_wpcf7_locale\" value=\"en\" \/><input type=\"hidden\" name=\"_wpcf7_unit_tag\" value=\"wpcf7-f476-o1\" \/><input type=\"hidden\" name=\"_wpcf7_container_post\" value=\"0\" \/><input type=\"hidden\" name=\"_wpcf7_posted_data_hash\" value=\"\" \/>\n<\/fieldset>\n<p><label> Su Nombre<span style=\"color:#ff0000\">*<\/span><br \/>\n<span class=\"wpcf7-form-control-wrap\" data-name=\"your-name\"><input size=\"40\" maxlength=\"400\" class=\"wpcf7-form-control wpcf7-text wpcf7-validates-as-required\" aria-required=\"true\" aria-invalid=\"false\" value=\"\" type=\"text\" name=\"your-name\" \/><\/span> <\/label>\n<\/p>\n<p><label> Su correo electr\u00f3nico<span style=\"color:#ff0000\">*<\/span><br \/>\n<span class=\"wpcf7-form-control-wrap\" data-name=\"your-email\"><input size=\"40\" maxlength=\"400\" class=\"wpcf7-form-control wpcf7-email wpcf7-validates-as-required wpcf7-text wpcf7-validates-as-email\" aria-required=\"true\" aria-invalid=\"false\" value=\"\" type=\"email\" name=\"your-email\" \/><\/span> <\/label>\n<\/p>\n<p><label> Su Tel\u00e9fono<span style=\"color:#ff0000\">*<\/span><br \/>\n<span class=\"wpcf7-form-control-wrap\" data-name=\"tel-210\"><input size=\"40\" maxlength=\"400\" class=\"wpcf7-form-control wpcf7-tel wpcf7-validates-as-required wpcf7-text wpcf7-validates-as-tel\" aria-required=\"true\" aria-invalid=\"false\" placeholder=\"Tel\u00e9fono a 10 d\u00edgitos\" value=\"\" type=\"tel\" name=\"tel-210\" \/><\/span><\/label>\n<\/p>\n<p><label>Nombre de su Empresa o Organizaci\u00f3n<span style=\"color:#ff0000\">*<\/span><br \/>\n<span class=\"wpcf7-form-control-wrap\" data-name=\"Nombreempresa\"><input size=\"40\" maxlength=\"400\" class=\"wpcf7-form-control wpcf7-text wpcf7-validates-as-required\" aria-required=\"true\" aria-invalid=\"false\" value=\"\" type=\"text\" name=\"Nombreempresa\" \/><\/span><\/label>\n<\/p>\n<p><label>Tama\u00f1o de su organizaci\u00f3n:<\/label><br \/>\n<label>Numero de empleados<span style=\"color:#ff0000\">*<\/span>:<\/label><br \/>\n<span class=\"wpcf7-form-control-wrap\" data-name=\"numeroempleados\"><input class=\"wpcf7-form-control wpcf7-number wpcf7-validates-as-required wpcf7-validates-as-number\" min=\"1\" max=\"2000\" aria-required=\"true\" aria-invalid=\"false\" placeholder=\"0\" value=\"\" type=\"number\" name=\"numeroempleados\" \/><\/span>\n<\/p>\n<p><label>Cantidad de usuarios que utilizar\u00edan la IA:<\/label><br \/>\n<label>Cantidad de Usuarios<span style=\"color:#ff0000\">*<\/span>:<\/label><br \/>\n<span class=\"wpcf7-form-control-wrap\" data-name=\"usuariosia\"><input class=\"wpcf7-form-control wpcf7-number wpcf7-validates-as-required wpcf7-validates-as-number\" min=\"1\" max=\"500\" aria-required=\"true\" aria-invalid=\"false\" placeholder=\"0\" value=\"\" type=\"number\" name=\"usuariosia\" \/><\/span>\n<\/p>\n<p><label> Me interesa recibir una cotizaci\u00f3n de IA con las siguientes opciones<span style=\"color:#ff0000\">*<\/span>:<\/label><br \/>\n<span class=\"wpcf7-form-control-wrap\" data-name=\"opciones-915\"><span class=\"wpcf7-form-control wpcf7-checkbox\"><span class=\"wpcf7-list-item first\"><label><input type=\"checkbox\" name=\"opciones-915[]\" value=\"Workflow Automation\" \/><span class=\"wpcf7-list-item-label\">Workflow Automation<\/span><\/label><\/span><span class=\"wpcf7-list-item\"><label><input type=\"checkbox\" name=\"opciones-915[]\" value=\"Desarrollo de Chatbots\" \/><span class=\"wpcf7-list-item-label\">Desarrollo de Chatbots<\/span><\/label><\/span><span class=\"wpcf7-list-item\"><label><input type=\"checkbox\" name=\"opciones-915[]\" value=\"Consultor\u00eda Empresarial\" \/><span class=\"wpcf7-list-item-label\">Consultor\u00eda Empresarial<\/span><\/label><\/span><span class=\"wpcf7-list-item last\"><label><input type=\"checkbox\" name=\"opciones-915[]\" value=\"Private AI development\" \/><span class=\"wpcf7-list-item-label\">Private AI development<\/span><\/label><\/span><\/span><\/span>\n<\/p>\n<p><label> Comentarios adicionales<br \/>\n<span class=\"wpcf7-form-control-wrap\" data-name=\"your-message\"><textarea cols=\"40\" rows=\"10\" maxlength=\"2000\" class=\"wpcf7-form-control wpcf7-textarea\" aria-invalid=\"false\" name=\"your-message\"><\/textarea><\/span> <\/label>\n<\/p>\n<p><span id=\"wpcf7-69f375c3ab873-wrapper\" class=\"wpcf7-form-control-wrap honeypot-613-wrap\" style=\"display:none !important; visibility:hidden !important;\"><label for=\"wpcf7-69f375c3ab873-field\" class=\"hp-message\">Please leave this field empty.<\/label><input id=\"wpcf7-69f375c3ab873-field\"  class=\"wpcf7-form-control wpcf7-text\" type=\"text\" name=\"honeypot-613\" value=\"\" size=\"40\" tabindex=\"-1\" autocomplete=\"new-password\" \/><\/span><br \/>\n<input class=\"wpcf7-form-control wpcf7-submit has-spinner\" type=\"submit\" value=\"Env\u00eda\" \/>\n<\/p><div class=\"wpcf7-response-output\" aria-hidden=\"true\"><\/div>\n<\/form>\n<\/div>\n<\/div>\n\t\t\t\t\t\t<\/div>\n\t\t\t\t<\/div>\n\t\t\t\t\t<\/div>\n\t\t<\/div>\n\t\t\t\t<div class=\"elementor-column elementor-col-50 elementor-inner-column elementor-element elementor-element-96b0ed5\" data-id=\"96b0ed5\" data-element_type=\"column\" data-e-type=\"column\">\n\t\t\t<div class=\"elementor-widget-wrap elementor-element-populated\">\n\t\t\t\t\t\t<div class=\"elementor-element elementor-element-730df07 elementor-widget elementor-widget-text-editor\" data-id=\"730df07\" data-element_type=\"widget\" data-e-type=\"widget\" data-widget_type=\"text-editor.default\">\n\t\t\t\t<div class=\"elementor-widget-container\">\n\t\t\t\t\t\t\t\t\t<p>Nuestra soluci\u00f3n se entrega llave en mano, utilizando tecnolog\u00eda de ultima generaci\u00f3n , SSL instalado, sitio de alta disponibilidad de 99.99% up time anual, respaldos mensuales(en caso de requerir otro programa de respaldos favor de indicarlo en comentarios adicionales).<\/p><p>Se entrega el portal utilizando el nombre se su empresa.msio2.com o bien si quisieran utilizar su propio dominio tambi\u00e9n se puede hacer con un costo adicional por implementaci\u00f3n.(favor de indicarlo en comentarios adicionales.<\/p><p>El costo de implementaci\u00f3n es Oneshot al inicio del proyecto y una renta por lo largo de su contrato. Recibimos pagos mensuales o anuales.<\/p>\t\t\t\t\t\t\t\t<\/div>\n\t\t\t\t<\/div>\n\t\t\t\t\t<\/div>\n\t\t<\/div>\n\t\t\t\t\t<\/div>\n\t\t<\/section>\n\t\t\t\t\t<\/div>\n\t\t<\/div>\n\t\t\t\t\t<\/div>\n\t\t<\/section>\n\t\t\t\t<\/div>\n\t\t","protected":false},"excerpt":{"rendered":"<p>Transforma Digitalmente tu Empresa \u00bfQu\u00e9 es la Transformaci\u00f3n digital? La transformaci\u00f3n digital es la integraci\u00f3n de tecnolog\u00eda digital en todas las \u00e1reas de una empresa, cambiando fundamentalmente la forma en que opera y brinda valor a sus clientes. Tambi\u00e9n supone un cambio cultural que requiere que las organizaciones desaf\u00eden constantemente el status-quo, experimenten y se [&hellip;]<\/p>\n","protected":false},"author":1,"featured_media":0,"parent":0,"menu_order":0,"comment_status":"closed","ping_status":"closed","template":"","meta":{"site-sidebar-layout":"no-sidebar","site-content-layout":"page-builder","ast-site-content-layout":"default","site-content-style":"default","site-sidebar-style":"default","ast-global-header-display":"","ast-banner-title-visibility":"","ast-main-header-display":"","ast-hfb-above-header-display":"","ast-hfb-below-header-display":"","ast-hfb-mobile-header-display":"","site-post-title":"disabled","ast-breadcrumbs-content":"","ast-featured-img":"disabled","footer-sml-layout":"","ast-disable-related-posts":"","theme-transparent-header-meta":"default","adv-header-id-meta":"","stick-header-meta":"","header-above-stick-meta":"","header-main-stick-meta":"","header-below-stick-meta":"","astra-migrate-meta-layouts":"default","ast-page-background-enabled":"default","ast-page-background-meta":{"desktop":{"background-color":"","background-image":"","background-repeat":"repeat","background-position":"center center","background-size":"auto","background-attachment":"scroll","background-type":"","background-media":"","overlay-type":"","overlay-color":"","overlay-opacity":"","overlay-gradient":""},"tablet":{"background-color":"","background-image":"","background-repeat":"repeat","background-position":"center center","background-size":"auto","background-attachment":"scroll","background-type":"","background-media":"","overlay-type":"","overlay-color":"","overlay-opacity":"","overlay-gradient":""},"mobile":{"background-color":"","background-image":"","background-repeat":"repeat","background-position":"center center","background-size":"auto","background-attachment":"scroll","background-type":"","background-media":"","overlay-type":"","overlay-color":"","overlay-opacity":"","overlay-gradient":""}},"ast-content-background-meta":{"desktop":{"background-color":"var(--ast-global-color-5)","background-image":"","background-repeat":"repeat","background-position":"center center","background-size":"auto","background-attachment":"scroll","background-type":"","background-media":"","overlay-type":"","overlay-color":"","overlay-opacity":"","overlay-gradient":""},"tablet":{"background-color":"var(--ast-global-color-5)","background-image":"","background-repeat":"repeat","background-position":"center center","background-size":"auto","background-attachment":"scroll","background-type":"","background-media":"","overlay-type":"","overlay-color":"","overlay-opacity":"","overlay-gradient":""},"mobile":{"background-color":"var(--ast-global-color-5)","background-image":"","background-repeat":"repeat","background-position":"center center","background-size":"auto","background-attachment":"scroll","background-type":"","background-media":"","overlay-type":"","overlay-color":"","overlay-opacity":"","overlay-gradient":""}},"footnotes":""},"class_list":["post-437","page","type-page","status-publish","hentry"],"_links":{"self":[{"href":"https:\/\/msio2.com\/ai\/wp-json\/wp\/v2\/pages\/437","targetHints":{"allow":["GET"]}}],"collection":[{"href":"https:\/\/msio2.com\/ai\/wp-json\/wp\/v2\/pages"}],"about":[{"href":"https:\/\/msio2.com\/ai\/wp-json\/wp\/v2\/types\/page"}],"author":[{"embeddable":true,"href":"https:\/\/msio2.com\/ai\/wp-json\/wp\/v2\/users\/1"}],"replies":[{"embeddable":true,"href":"https:\/\/msio2.com\/ai\/wp-json\/wp\/v2\/comments?post=437"}],"version-history":[{"count":49,"href":"https:\/\/msio2.com\/ai\/wp-json\/wp\/v2\/pages\/437\/revisions"}],"predecessor-version":[{"id":501,"href":"https:\/\/msio2.com\/ai\/wp-json\/wp\/v2\/pages\/437\/revisions\/501"}],"wp:attachment":[{"href":"https:\/\/msio2.com\/ai\/wp-json\/wp\/v2\/media?parent=437"}],"curies":[{"name":"wp","href":"https:\/\/api.w.org\/{rel}","templated":true}]}}